{"id":56,"date":"2014-10-24T10:00:34","date_gmt":"2014-10-24T14:00:34","guid":{"rendered":"http:\/\/chical.gob.ec\/carchi\/?page_id=56"},"modified":"2015-04-27T10:48:09","modified_gmt":"2015-04-27T14:48:09","slug":"documentos-2014-2015","status":"publish","type":"page","link":"https:\/\/gadelchical.gob.ec\/?page_id=56","title":{"rendered":"Documentos 2014 &#8211; 2015"},"content":{"rendered":"<p style=\"text-align: justify;\"><strong>Art. 7.- Difusi\u00f3n de la Informaci\u00f3n P\u00fablica.-<\/strong><\/p>\n<p style=\"text-align: justify;\">Por la transparencia en la gesti\u00f3n administrativa que est\u00e1n obligadas a observar todas las instituciones del Estado que conforman el sector p\u00fablico en los t\u00e9rminos del art\u00edculo 118 de la Constituci\u00f3n Pol\u00edtica de la Rep\u00fablica y dem\u00e1s entes se\u00f1alados en el art\u00edculo 1 de la presente Ley, difundir\u00e1n a trav\u00e9s de un portal de informaci\u00f3n o p\u00e1gina web, as\u00ed como de los medios necesarios a disposici\u00f3n del p\u00fablico, implementados en la misma instituci\u00f3n, la siguiente informaci\u00f3n m\u00ednima actualizada, que para efectos de esta Ley se la considera de naturaleza obligatoria:<\/p>\n<p style=\"text-align: justify;\"><strong>FORMATOS LOTAIP<\/strong><\/p>\n<p style=\"text-align: justify;\"><strong>a) Organizaci\u00f3n Interna<\/strong><br \/>\nEstructura Org\u00e1nica Funcional.<\/p>\n<p style=\"text-align: justify;\">Base legal que la rige, regulaciones y procedimientos internos aplicables a la entidad.<br \/>\nMetas y Objetivos de las unidades administrativas de conformidad con sus programas operativos.<\/p>\n<p style=\"text-align: justify;\"><a href=\"http:\/\/chical.gob.ec\/carchi\/wp-content\/uploads\/2014\/10\/Organico-Funcional.jpg\"><img loading=\"lazy\" decoding=\"async\" class=\"alignnone size-medium wp-image-319\" src=\"http:\/\/chical.gob.ec\/carchi\/wp-content\/uploads\/2014\/10\/Organico-Funcional-300x204.jpg\" alt=\"Organico Funcional\" width=\"300\" height=\"204\" data-id=\"319\" \/><\/a><\/p>\n<p style=\"text-align: justify;\"><strong>b) Directorio<\/strong><\/p>\n<p style=\"text-align: justify;\"><a href=\"http:\/\/chical.gob.ec\/carchi\/wp-content\/uploads\/2014\/10\/DIRECTORIO.docx\">DIRECTORIO<\/a><br \/>\nDirectorio completo de la instituci\u00f3n; as\u00ed como su distributivo de personal.<\/p>\n<p style=\"text-align: justify;\"><strong>c) Remuneraciones<\/strong><\/p>\n<p style=\"text-align: justify;\"><a href=\"http:\/\/chical.gob.ec\/carchi\/wp-content\/uploads\/2014\/10\/SUELDOS-Y-PRESUPUESTO.pdf\">SUELDOS Y PRESUPUESTO<\/a><br \/>\nRemuneraci\u00f3n mensual por puesto y todo ingreso adicional incluso el sistema de compensaci\u00f3n, seg\u00fan lo establezcan las disposiciones correspondientes.<\/p>\n<p style=\"text-align: justify;\"><strong>d) Servicios<\/strong><\/p>\n<p style=\"text-align: justify;\"><a href=\"http:\/\/chical.gob.ec\/carchi\/wp-content\/uploads\/2014\/10\/SERVICIOS-GAD.pdf\">SERVICIOS GAD<\/a><br \/>\nServicios que ofrece y la forma de acceder a ellos, horarios de atenci\u00f3n y dem\u00e1s indicaciones necesarias.<\/p>\n<p style=\"text-align: justify;\"><strong>e) Contratos Colectivos<\/strong><br \/>\nTexto integro de todos los contratos colectivos vigentes en la instituci\u00f3n, as\u00ed como sus anexos y reformas.<\/p>\n<p style=\"text-align: justify;\"><strong>f) Formularios para Tr\u00e1mites<\/strong><br \/>\nSe publicar\u00e1n los formularios o formatos de solicitudes que se requieran para los tr\u00e1mites inherentes a su campo de acci\u00f3n.<\/p>\n<p style=\"text-align: justify;\"><strong>g) Presupuesto Anual<\/strong><\/p>\n<p style=\"text-align: justify;\"><a href=\"http:\/\/chical.gob.ec\/carchi\/wp-content\/uploads\/2014\/10\/PRESUPUESTO.pdf\">PRESUPUESTO<\/a><br \/>\nInformaci\u00f3n total sobre el presupuesto anual que administra la instituci\u00f3n, especificando ingresos, gastos, financiamiento y resultados operativos de conformidad con los clasificadores presupuestales, as\u00ed como liquidaci\u00f3n del presupuesto, especificando destinatarios de la entrega de recursos p\u00fablicos.<\/p>\n<p style=\"text-align: justify;\"><strong>h) Auditorias Internas<\/strong><br \/>\nLos resultados de las auditorias internas y gubernamentales al ejercicio presupuestal.<\/p>\n<p style=\"text-align: justify;\"><strong>i) Procesos de Contrataci\u00f3n<\/strong><\/p>\n<p style=\"text-align: justify;\">Informaci\u00f3n completa y detallada sobre los procesos pree-contractuales, contractuales, de adjudicaci\u00f3n y liquidaci\u00f3n de bienes, prestaci\u00f3n de servicios, arrendamientos mercantiles, etc, celebrados por la instituci\u00f3n con personas naturales o jur\u00eddicas, incluidos concesiones permisos o autorizaciones.<\/p>\n<p style=\"text-align: justify;\"><a href=\"http:\/\/chical.gob.ec\/carchi\/wp-content\/uploads\/2014\/10\/Procesos-de-Contratacion.pdf\">Procesos de Contratacion<\/a><\/p>\n<p style=\"text-align: justify;\"><strong>j) Incumplimientos<\/strong><br \/>\nUn listado de las empresas que han incumplido contratos con dicha instituci\u00f3n.<\/p>\n<p style=\"text-align: justify;\"><strong>k) Planes y Programas<\/strong><\/p>\n<p style=\"text-align: justify;\"><a href=\"http:\/\/chical.gob.ec\/carchi\/wp-content\/uploads\/2014\/10\/poa-2014.pdf\">poa 2014<\/a><\/p>\n<p style=\"text-align: justify;\"><a href=\"http:\/\/chical.gob.ec\/carchi\/wp-content\/uploads\/2014\/10\/cedula-presupuestaria.pdf\">cedula presupuestaria<\/a><br \/>\nPlanes y Programas de la Instituci\u00f3n en ejecuci\u00f3n.<\/p>\n<p style=\"text-align: justify;\"><a href=\"http:\/\/chical.gob.ec\/carchi\/wp-content\/uploads\/2014\/10\/Construccion-Centro-Salud-GUARE.pdf\">Construccion Centro Salud GUARE<\/a><\/p>\n<p style=\"text-align: justify;\"><a href=\"http:\/\/chical.gob.ec\/carchi\/wp-content\/uploads\/2014\/10\/Produccion-de-Plantas-Frutales-y-Forestales.pdf\">Produccion de Plantas Frutales y Forestales<\/a><\/p>\n<p style=\"text-align: justify;\"><a href=\"http:\/\/chical.gob.ec\/carchi\/wp-content\/uploads\/2014\/10\/PROYECTO-CULTURAL.pdf\">PROYECTO CULTURAL<\/a><\/p>\n<p style=\"text-align: justify;\"><a href=\"http:\/\/chical.gob.ec\/carchi\/wp-content\/uploads\/2014\/10\/PROYECTO-PRODUCTIVO.pdf\">PROYECTO PRODUCTIVO<\/a><\/p>\n<p style=\"text-align: justify;\"><a href=\"http:\/\/chical.gob.ec\/carchi\/wp-content\/uploads\/2014\/10\/UNIDADES-BASICAS-SANITARIAS.pdf\">UNIDADES BASICAS SANITARIAS<\/a><\/p>\n<p style=\"text-align: justify;\"><a href=\"http:\/\/chical.gob.ec\/carchi\/wp-content\/uploads\/2014\/10\/Adecuacion-Casa-Parroquial-II-etapa..pdf\">Adecuacion Casa Parroquial II etapa.<\/a><\/p>\n<p style=\"text-align: justify;\"><strong>l) Financiamiento Interno y Externo<\/strong><br \/>\nEl detalle de los contratos de cr\u00e9dito externos o internos; se se\u00f1alar\u00e1 la fuente de los fondos con los que se pagar\u00e1n esos cr\u00e9ditos. Cuando se trate de prestamos o \u00a0contratos de financiamiento, se har\u00e1 constar, como lo prev\u00e9 la Ley Org\u00e1nica de Administraci\u00f3n Financiera y Control, Ley Org\u00e1nica de Contralor\u00eda General del Estado y la Ley Org\u00e1nica de Responsabilidad y Transparencia Fiscal, las operaciones y contratos de Cr\u00e9dito, los montos, plazo, costos financieros o tipos de inter\u00e9s.<\/p>\n<p style=\"text-align: justify;\"><strong>m) Rendici\u00f3n de Cuentas<\/strong><\/p>\n<p style=\"text-align: justify;\"><a href=\"http:\/\/chical.gob.ec\/carchi\/wp-content\/uploads\/2014\/10\/FORMULARIO-RENDICION-DE-CUENTAS-2014.pdf\">FORMULARIO RENDICION DE CUENTAS 2014<\/a><\/p>\n<p style=\"text-align: justify;\"><a href=\"http:\/\/chical.gob.ec\/carchi\/wp-content\/uploads\/2014\/10\/Rendicion-de-Cuentas-Sr.-Nilo-Ortiz-Secretaria-Tesorera-Diana-Guerra-Vocal-Nlly-Benavides.pdf\">Rendicion de Cuentas Sr. Nilo Ortiz, Secretaria &#8211; Tesorera Diana Guerra, Vocal Nlly Benavides<\/a><\/p>\n<p style=\"text-align: justify;\"><a href=\"http:\/\/chical.gob.ec\/carchi\/wp-content\/uploads\/2014\/10\/RENDICIO-Sr.-Homero-Chuga.pdf\">RENDICIO Sr. Homero Chuga<\/a> <a href=\"http:\/\/chical.gob.ec\/carchi\/wp-content\/uploads\/2014\/10\/RENDICION-Sr.-EMILIO-ORBE.pdf\">RENDICION Sr. EMILIO ORBE<\/a> <a href=\"http:\/\/chical.gob.ec\/carchi\/wp-content\/uploads\/2014\/10\/Rendicion-Sr.-Pastor-Pay-Pay.pdf\">Rendicion Sr. Pastor Pay Pay<\/a><\/p>\n<p style=\"text-align: justify;\"><a href=\"http:\/\/chical.gob.ec\/carchi\/wp-content\/uploads\/2014\/10\/analisis-ciudadano-1.pdf\">analisis ciudadano 1<\/a><\/p>\n<p style=\"text-align: justify;\"><a href=\"http:\/\/chical.gob.ec\/carchi\/wp-content\/uploads\/2014\/10\/analisis-ciudadano-2.pdf\">analisis ciudadano 2<\/a><\/p>\n<p style=\"text-align: justify;\"><a href=\"http:\/\/chical.gob.ec\/carchi\/wp-content\/uploads\/2014\/10\/analisis-ciudadano-3.pdf\">analisis ciudadano 3<\/a><\/p>\n<p style=\"text-align: justify;\"><a href=\"http:\/\/chical.gob.ec\/carchi\/wp-content\/uploads\/2014\/10\/analisis-ciudadano-4.pdf\">analisis ciudadano 4<\/a><\/p>\n<p style=\"text-align: justify;\"><a href=\"http:\/\/chical.gob.ec\/carchi\/wp-content\/uploads\/2014\/10\/ACTA-RENDICION.pdf\">ACTA RENDICION<\/a><\/p>\n<p style=\"text-align: justify;\"><a href=\"http:\/\/chical.gob.ec\/carchi\/wp-content\/uploads\/2014\/10\/ACTA-SILLA-VACIA.pdf\">ACTA SILLA VACIA<\/a><\/p>\n<p style=\"text-align: justify;\"><a href=\"http:\/\/chical.gob.ec\/carchi\/wp-content\/uploads\/2014\/10\/Acta-Consejo-de-Planificaci\u00f3n..pdf\">Acta Consejo de Planificaci\u00f3n.<\/a><\/p>\n<p style=\"text-align: justify;\"><a href=\"http:\/\/chical.gob.ec\/carchi\/wp-content\/uploads\/2014\/10\/Acta-Aprob-Rendicion-2014.pdf\">Acta Aprob Rendicion 2014<\/a><\/p>\n<p style=\"text-align: justify;\">Mecanismos de rendici\u00f3n de cuentas a la ciudadan\u00eda, tales como metas e informes de gesti\u00f2n e indicadores de desempe\u00f1o.<\/p>\n<p style=\"text-align: justify;\"><strong>n) Gesti\u00f3n Institucional<\/strong><\/p>\n<p style=\"text-align: justify;\"><a href=\"http:\/\/chical.gob.ec\/carchi\/wp-content\/uploads\/2014\/10\/informe-de-octubre-2014-Nilo-Ortiz.pdf\">informe de octubre 2014 Nilo Ortiz<\/a> <a href=\"http:\/\/chical.gob.ec\/carchi\/wp-content\/uploads\/2014\/10\/informe-diciembre-2014-Nilo-Ortiz.pdf\">informe diciembre 2014 Nilo Ortiz<\/a> <a href=\"http:\/\/chical.gob.ec\/carchi\/wp-content\/uploads\/2014\/10\/informe-en-Agosto-2014-Nilo-Ortiz.pdf\">informe en Agosto 2014 Nilo Ortiz<\/a> <a href=\"http:\/\/chical.gob.ec\/carchi\/wp-content\/uploads\/2014\/10\/informe-julio-2014-Nilo-Ortiz.pdf\">informe julio 2014 Nilo Ortiz<\/a> <a href=\"http:\/\/chical.gob.ec\/carchi\/wp-content\/uploads\/2014\/10\/Informe-Junio-2014-Nilo-Ortiz.pdf\">Informe Junio 2014 Nilo Ortiz<\/a> <a href=\"http:\/\/chical.gob.ec\/carchi\/wp-content\/uploads\/2014\/10\/informe-mayo-2014-Nilo-Ortiz.pdf\">informe mayo 2014 &#8211; Nilo Ortiz<\/a> <a href=\"http:\/\/chical.gob.ec\/carchi\/wp-content\/uploads\/2014\/10\/informe-noviembre-2014-Nilo-Ortiz.pdf\">informe noviembre 2014 &#8211; Nilo Ortiz<\/a> <a href=\"http:\/\/chical.gob.ec\/carchi\/wp-content\/uploads\/2014\/10\/informe-septiembre-2014-Nilo-Ortiz.pdf\">informe septiembre 2014- Nilo Ortiz<\/a><\/p>\n<p style=\"text-align: justify;\"><a href=\"http:\/\/chical.gob.ec\/carchi\/wp-content\/uploads\/2014\/10\/informes-y-viaticos.pdf\">informes y viaticos<\/a><\/p>\n<p style=\"text-align: justify;\">Los vi\u00e1ticos, informes de trabajo y justificativos de movilizaci\u00f3n nacional o internacional \u00a0de las autoridades, dignatarios y funcionarios p\u00f9blicos.<\/p>\n<p style=\"text-align: justify;\"><strong>o) Responsable de la Informaci\u00f3n<\/strong><\/p>\n<p style=\"text-align: justify;\">El nombre, direcci\u00f3n de la oficina, apartado postal y direcci\u00f3n electr\u00f3nica del responsable de atender la informaci\u00f3n p\u00fablica de que trata esta ley.<\/p>\n<p style=\"text-align: justify;\"><a href=\"http:\/\/chical.gob.ec\/carchi\/wp-content\/uploads\/2014\/10\/Nombramiento-Secretaria-Tesorera.pdf\">Nombramiento Secretaria &#8211; Tesorera<\/a><\/p>\n<p style=\"text-align: justify;\"><strong>s) Organismos Seccionales<\/strong><\/p>\n<p style=\"text-align: justify;\">Los organismos seccionales, informar\u00e1n oportunamente a la ciudadan\u00eca de las resoluciones que adoptaren, mediante la publicaci\u00f3n de las actas de las respectivas sesiones de estos cuerpos colegiados, as\u00ed como sus planes de desarrollo local<\/p>\n<p style=\"text-align: justify;\"><a href=\"http:\/\/chical.gob.ec\/carchi\/wp-content\/uploads\/2014\/10\/Acta-aprobaci\u00f3n-PDOT.pdf\">Acta aprobaci\u00f3n PDOT<\/a><\/p>\n<p style=\"text-align: justify;\"><a href=\"http:\/\/chical.gob.ec\/carchi\/wp-content\/uploads\/2014\/10\/PDOT.pdf\">PDOT<\/a><\/p>\n<p style=\"text-align: justify;\"><a href=\"http:\/\/chical.gob.ec\/carchi\/wp-content\/uploads\/2014\/10\/ACTA-SILLA-VACIA1.pdf\">ACTA SILLA VACIA<\/a><\/p>\n<p style=\"text-align: justify;\"><a href=\"http:\/\/chical.gob.ec\/carchi\/wp-content\/uploads\/2014\/10\/acta-deportes.pdf\">acta deportes<\/a><\/p>\n<p style=\"text-align: justify;\"><a href=\"http:\/\/chical.gob.ec\/carchi\/wp-content\/uploads\/2014\/10\/acta-mercado.pdf\">acta mercado<\/a><\/p>\n<p style=\"text-align: justify;\"><a href=\"http:\/\/chical.gob.ec\/carchi\/wp-content\/uploads\/2014\/10\/Acta-Seguridad-Ciudadana.pdf\">Acta Seguridad Ciudadana<\/a><\/p>\n<p style=\"text-align: justify;\"><a href=\"http:\/\/chical.gob.ec\/carchi\/wp-content\/uploads\/2014\/10\/Mingas-Ciudadanas.pdf\">Mingas Ciudadanas<\/a><\/p>\n<p style=\"text-align: justify;\"><a href=\"http:\/\/chical.gob.ec\/carchi\/wp-content\/uploads\/2014\/10\/Convenio-Desechos-Solidos.pdf\">Convenio Desechos Solidos<\/a><\/p>\n<p style=\"text-align: justify;\"><a href=\"http:\/\/chical.gob.ec\/carchi\/wp-content\/uploads\/2014\/10\/Inclusion-Ciudadana.pdf\">Inclusion Ciudadana<\/a><\/p>\n<p style=\"text-align: justify;\">\n","protected":false},"excerpt":{"rendered":"<p>Art. 7.- Difusi\u00f3n de la Informaci\u00f3n P\u00fablica.- Por la transparencia en la gesti\u00f3n administrativa que est\u00e1n obligadas a observar todas las instituciones del Estado que conforman el sector p\u00fablico en los t\u00e9rminos del art\u00edculo 118 de la Constituci\u00f3n Pol\u00edtica de la Rep\u00fablica y dem\u00e1s entes se\u00f1alados en el art\u00edculo 1 de la presente Ley, difundir\u00e1n [&hellip;]<\/p>\n","protected":false},"author":4,"featured_media":0,"parent":0,"menu_order":0,"comment_status":"closed","ping_status":"closed","template":"","meta":{"footnotes":""},"class_list":["post-56","page","type-page","status-publish","hentry"],"yoast_head":"<!-- This site is optimized with the Yoast SEO plugin v25.4 - https:\/\/yoast.com\/wordpress\/plugins\/seo\/ -->\n<title>Documentos 2014 - 2015 - GAD Parroquial de Chical<\/title>\n<meta name=\"robots\" content=\"index, follow, max-snippet:-1, max-image-preview:large, max-video-preview:-1\" \/>\n<link rel=\"canonical\" href=\"https:\/\/gadelchical.gob.ec\/?page_id=56\" \/>\n<meta property=\"og:locale\" content=\"es_ES\" \/>\n<meta property=\"og:type\" content=\"article\" \/>\n<meta property=\"og:title\" content=\"Documentos 2014 - 2015 - GAD Parroquial de Chical\" \/>\n<meta property=\"og:description\" content=\"Art. 7.- Difusi\u00f3n de la Informaci\u00f3n P\u00fablica.- Por la transparencia en la gesti\u00f3n administrativa que est\u00e1n obligadas a observar todas las instituciones del Estado que conforman el sector p\u00fablico en los t\u00e9rminos del art\u00edculo 118 de la Constituci\u00f3n Pol\u00edtica de la Rep\u00fablica y dem\u00e1s entes se\u00f1alados en el art\u00edculo 1 de la presente Ley, difundir\u00e1n [&hellip;]\" \/>\n<meta property=\"og:url\" content=\"https:\/\/gadelchical.gob.ec\/?page_id=56\" \/>\n<meta property=\"og:site_name\" content=\"GAD Parroquial de Chical\" \/>\n<meta property=\"article:publisher\" content=\"https:\/\/www.facebook.com\/profile.php?id=100070923501255\" \/>\n<meta property=\"article:modified_time\" content=\"2015-04-27T14:48:09+00:00\" \/>\n<meta property=\"og:image\" content=\"http:\/\/chical.gob.ec\/carchi\/wp-content\/uploads\/2014\/10\/Organico-Funcional-300x204.jpg\" \/>\n<meta name=\"twitter:card\" content=\"summary_large_image\" \/>\n<meta name=\"twitter:label1\" content=\"Tiempo de lectura\" \/>\n\t<meta name=\"twitter:data1\" content=\"4 minutos\" \/>\n<script type=\"application\/ld+json\" class=\"yoast-schema-graph\">{\"@context\":\"https:\/\/schema.org\",\"@graph\":[{\"@type\":\"WebPage\",\"@id\":\"https:\/\/gadelchical.gob.ec\/?page_id=56\",\"url\":\"https:\/\/gadelchical.gob.ec\/?page_id=56\",\"name\":\"Documentos 2014 - 2015 - GAD Parroquial de Chical\",\"isPartOf\":{\"@id\":\"https:\/\/gadelchical.gob.ec\/#website\"},\"primaryImageOfPage\":{\"@id\":\"https:\/\/gadelchical.gob.ec\/?page_id=56#primaryimage\"},\"image\":{\"@id\":\"https:\/\/gadelchical.gob.ec\/?page_id=56#primaryimage\"},\"thumbnailUrl\":\"http:\/\/chical.gob.ec\/carchi\/wp-content\/uploads\/2014\/10\/Organico-Funcional-300x204.jpg\",\"datePublished\":\"2014-10-24T14:00:34+00:00\",\"dateModified\":\"2015-04-27T14:48:09+00:00\",\"breadcrumb\":{\"@id\":\"https:\/\/gadelchical.gob.ec\/?page_id=56#breadcrumb\"},\"inLanguage\":\"es\",\"potentialAction\":[{\"@type\":\"ReadAction\",\"target\":[\"https:\/\/gadelchical.gob.ec\/?page_id=56\"]}]},{\"@type\":\"ImageObject\",\"inLanguage\":\"es\",\"@id\":\"https:\/\/gadelchical.gob.ec\/?page_id=56#primaryimage\",\"url\":\"http:\/\/chical.gob.ec\/carchi\/wp-content\/uploads\/2014\/10\/Organico-Funcional-300x204.jpg\",\"contentUrl\":\"http:\/\/chical.gob.ec\/carchi\/wp-content\/uploads\/2014\/10\/Organico-Funcional-300x204.jpg\"},{\"@type\":\"BreadcrumbList\",\"@id\":\"https:\/\/gadelchical.gob.ec\/?page_id=56#breadcrumb\",\"itemListElement\":[{\"@type\":\"ListItem\",\"position\":1,\"name\":\"Home\",\"item\":\"https:\/\/gadelchical.gob.ec\/\"},{\"@type\":\"ListItem\",\"position\":2,\"name\":\"Documentos 2014 &#8211; 2015\"}]},{\"@type\":\"WebSite\",\"@id\":\"https:\/\/gadelchical.gob.ec\/#website\",\"url\":\"https:\/\/gadelchical.gob.ec\/\",\"name\":\"GAD Parroquial de Chical Carchi\",\"description\":\"Sitio Oficial del GAD Parroquial Chical Carchi\",\"publisher\":{\"@id\":\"https:\/\/gadelchical.gob.ec\/#organization\"},\"alternateName\":\"Chical Carchi\",\"potentialAction\":[{\"@type\":\"SearchAction\",\"target\":{\"@type\":\"EntryPoint\",\"urlTemplate\":\"https:\/\/gadelchical.gob.ec\/?s={search_term_string}\"},\"query-input\":{\"@type\":\"PropertyValueSpecification\",\"valueRequired\":true,\"valueName\":\"search_term_string\"}}],\"inLanguage\":\"es\"},{\"@type\":\"Organization\",\"@id\":\"https:\/\/gadelchical.gob.ec\/#organization\",\"name\":\"GAD Parroquial de Chical Carchi\",\"url\":\"https:\/\/gadelchical.gob.ec\/\",\"logo\":{\"@type\":\"ImageObject\",\"inLanguage\":\"es\",\"@id\":\"https:\/\/gadelchical.gob.ec\/#\/schema\/logo\/image\/\",\"url\":\"https:\/\/chical.gob.ec\/carchi\/wp-content\/uploads\/2020\/06\/logoFooter.png\",\"contentUrl\":\"https:\/\/chical.gob.ec\/carchi\/wp-content\/uploads\/2020\/06\/logoFooter.png\",\"width\":200,\"height\":150,\"caption\":\"GAD Parroquial de Chical Carchi\"},\"image\":{\"@id\":\"https:\/\/gadelchical.gob.ec\/#\/schema\/logo\/image\/\"},\"sameAs\":[\"https:\/\/www.facebook.com\/profile.php?id=100070923501255\"]}]}<\/script>\n<!-- \/ Yoast SEO plugin. -->","yoast_head_json":{"title":"Documentos 2014 - 2015 - GAD Parroquial de Chical","robots":{"index":"index","follow":"follow","max-snippet":"max-snippet:-1","max-image-preview":"max-image-preview:large","max-video-preview":"max-video-preview:-1"},"canonical":"https:\/\/gadelchical.gob.ec\/?page_id=56","og_locale":"es_ES","og_type":"article","og_title":"Documentos 2014 - 2015 - GAD Parroquial de Chical","og_description":"Art. 7.- Difusi\u00f3n de la Informaci\u00f3n P\u00fablica.- Por la transparencia en la gesti\u00f3n administrativa que est\u00e1n obligadas a observar todas las instituciones del Estado que conforman el sector p\u00fablico en los t\u00e9rminos del art\u00edculo 118 de la Constituci\u00f3n Pol\u00edtica de la Rep\u00fablica y dem\u00e1s entes se\u00f1alados en el art\u00edculo 1 de la presente Ley, difundir\u00e1n [&hellip;]","og_url":"https:\/\/gadelchical.gob.ec\/?page_id=56","og_site_name":"GAD Parroquial de Chical","article_publisher":"https:\/\/www.facebook.com\/profile.php?id=100070923501255","article_modified_time":"2015-04-27T14:48:09+00:00","og_image":[{"url":"http:\/\/chical.gob.ec\/carchi\/wp-content\/uploads\/2014\/10\/Organico-Funcional-300x204.jpg","type":"","width":"","height":""}],"twitter_card":"summary_large_image","twitter_misc":{"Tiempo de lectura":"4 minutos"},"schema":{"@context":"https:\/\/schema.org","@graph":[{"@type":"WebPage","@id":"https:\/\/gadelchical.gob.ec\/?page_id=56","url":"https:\/\/gadelchical.gob.ec\/?page_id=56","name":"Documentos 2014 - 2015 - GAD Parroquial de Chical","isPartOf":{"@id":"https:\/\/gadelchical.gob.ec\/#website"},"primaryImageOfPage":{"@id":"https:\/\/gadelchical.gob.ec\/?page_id=56#primaryimage"},"image":{"@id":"https:\/\/gadelchical.gob.ec\/?page_id=56#primaryimage"},"thumbnailUrl":"http:\/\/chical.gob.ec\/carchi\/wp-content\/uploads\/2014\/10\/Organico-Funcional-300x204.jpg","datePublished":"2014-10-24T14:00:34+00:00","dateModified":"2015-04-27T14:48:09+00:00","breadcrumb":{"@id":"https:\/\/gadelchical.gob.ec\/?page_id=56#breadcrumb"},"inLanguage":"es","potentialAction":[{"@type":"ReadAction","target":["https:\/\/gadelchical.gob.ec\/?page_id=56"]}]},{"@type":"ImageObject","inLanguage":"es","@id":"https:\/\/gadelchical.gob.ec\/?page_id=56#primaryimage","url":"http:\/\/chical.gob.ec\/carchi\/wp-content\/uploads\/2014\/10\/Organico-Funcional-300x204.jpg","contentUrl":"http:\/\/chical.gob.ec\/carchi\/wp-content\/uploads\/2014\/10\/Organico-Funcional-300x204.jpg"},{"@type":"BreadcrumbList","@id":"https:\/\/gadelchical.gob.ec\/?page_id=56#breadcrumb","itemListElement":[{"@type":"ListItem","position":1,"name":"Home","item":"https:\/\/gadelchical.gob.ec\/"},{"@type":"ListItem","position":2,"name":"Documentos 2014 &#8211; 2015"}]},{"@type":"WebSite","@id":"https:\/\/gadelchical.gob.ec\/#website","url":"https:\/\/gadelchical.gob.ec\/","name":"GAD Parroquial de Chical Carchi","description":"Sitio Oficial del GAD Parroquial Chical Carchi","publisher":{"@id":"https:\/\/gadelchical.gob.ec\/#organization"},"alternateName":"Chical Carchi","potentialAction":[{"@type":"SearchAction","target":{"@type":"EntryPoint","urlTemplate":"https:\/\/gadelchical.gob.ec\/?s={search_term_string}"},"query-input":{"@type":"PropertyValueSpecification","valueRequired":true,"valueName":"search_term_string"}}],"inLanguage":"es"},{"@type":"Organization","@id":"https:\/\/gadelchical.gob.ec\/#organization","name":"GAD Parroquial de Chical Carchi","url":"https:\/\/gadelchical.gob.ec\/","logo":{"@type":"ImageObject","inLanguage":"es","@id":"https:\/\/gadelchical.gob.ec\/#\/schema\/logo\/image\/","url":"https:\/\/chical.gob.ec\/carchi\/wp-content\/uploads\/2020\/06\/logoFooter.png","contentUrl":"https:\/\/chical.gob.ec\/carchi\/wp-content\/uploads\/2020\/06\/logoFooter.png","width":200,"height":150,"caption":"GAD Parroquial de Chical Carchi"},"image":{"@id":"https:\/\/gadelchical.gob.ec\/#\/schema\/logo\/image\/"},"sameAs":["https:\/\/www.facebook.com\/profile.php?id=100070923501255"]}]}},"_links":{"self":[{"href":"https:\/\/gadelchical.gob.ec\/index.php?rest_route=\/wp\/v2\/pages\/56","targetHints":{"allow":["GET"]}}],"collection":[{"href":"https:\/\/gadelchical.gob.ec\/index.php?rest_route=\/wp\/v2\/pages"}],"about":[{"href":"https:\/\/gadelchical.gob.ec\/index.php?rest_route=\/wp\/v2\/types\/page"}],"author":[{"embeddable":true,"href":"https:\/\/gadelchical.gob.ec\/index.php?rest_route=\/wp\/v2\/users\/4"}],"replies":[{"embeddable":true,"href":"https:\/\/gadelchical.gob.ec\/index.php?rest_route=%2Fwp%2Fv2%2Fcomments&post=56"}],"version-history":[{"count":41,"href":"https:\/\/gadelchical.gob.ec\/index.php?rest_route=\/wp\/v2\/pages\/56\/revisions"}],"predecessor-version":[{"id":160,"href":"https:\/\/gadelchical.gob.ec\/index.php?rest_route=\/wp\/v2\/pages\/56\/revisions\/160"}],"wp:attachment":[{"href":"https:\/\/gadelchical.gob.ec\/index.php?rest_route=%2Fwp%2Fv2%2Fmedia&parent=56"}],"curies":[{"name":"wp","href":"https:\/\/api.w.org\/{rel}","templated":true}]}}