{"id":837,"date":"2018-02-05T12:59:02","date_gmt":"2018-02-05T16:59:02","guid":{"rendered":"http:\/\/chical.gob.ec\/carchi\/?page_id=837"},"modified":"2018-02-05T12:59:02","modified_gmt":"2018-02-05T16:59:02","slug":"fases-2","status":"publish","type":"page","link":"https:\/\/gadelchical.gob.ec\/?page_id=837","title":{"rendered":"Fases"},"content":{"rendered":"[\/vc_wp_text][\/vc_accordion_tab][vc_accordion_tab title=\u00bbFase 1&#8243;][vc_wp_text]\n<h3>FASE 1:<\/h3>\n<ul>\n<li>\n<h3>Mapeo de actores<\/h3>\n<\/li>\n<\/ul>\n<p>&nbsp;<\/p>\n<ul>\n<li>\n<h3>Consulta<\/h3>\n<\/li>\n<\/ul>\n<p>&nbsp;<\/p>\n<ul>\n<li>\n<h3>Entrega de temas al GAD<\/h3>\n<\/li>\n<\/ul>\n<p>&nbsp;<\/p>\n[\/vc_wp_text][\/vc_accordion_tab][vc_accordion_tab title=\u00bbFase 2&#8243;][vc_wp_text]\n<h3>FASE 2:<\/h3>\n<ul>\n<li>\n<h3>Seguimiento a la entrega del informe a la ciudadan\u00eda<\/h3>\n<\/li>\n<\/ul>\n<p>&nbsp;<\/p>\n[\/vc_wp_text][\/vc_accordion_tab][vc_accordion_tab title=\u00bbFase 3&#8243;][vc_wp_text]\n<h3>FASE 3:<\/h3>\n<ul>\n<li>\n<h3>Evaluaci\u00f3n ciudadana al informe de rendici\u00f3n de cuentas<\/h3>\n<\/li>\n<\/ul>\n<p>&nbsp;<\/p>\n<ul>\n<li>\n<h3>Seguimiento al proceso de convocatoria a la deliberaci\u00f3n p\u00fablica<\/h3>\n<\/li>\n<\/ul>\n<p>&nbsp;<\/p>\n<ul>\n<li>\n<h3>Participaci\u00f3n en la deliberaci\u00f3n p\u00fablica<\/h3>\n<\/li>\n<\/ul>\n<p>&nbsp;<\/p>\n<ul>\n<li>\n<h3>Mesas de Trabajo<\/h3>\n<\/li>\n<\/ul>\n[\/vc_wp_text][\/vc_accordion_tab][vc_accordion_tab title=\u00bbFase 4&#8243;][vc_wp_text]\n<h3>FASE 4:<\/h3>\n<ul>\n<li>\n<h3>Seguimiento a la incorporaci\u00f3n de la opini\u00f3n ciudadana<\/h3>\n<\/li>\n<\/ul>\n<p>&nbsp;<\/p>\n[\/vc_wp_text][\/vc_accordion_tab][\/vc_accordion][vc_column_text][\/vc_column_text][\/vc_column][\/vc_row]\n","protected":false},"excerpt":{"rendered":"<p>[\/vc_wp_text][\/vc_accordion_tab][vc_accordion_tab title=\u00bbFase 1&#8243;][vc_wp_text] FASE 1: Mapeo de actores &nbsp; Consulta &nbsp; Entrega de temas al GAD &nbsp; [\/vc_wp_text][\/vc_accordion_tab][vc_accordion_tab title=\u00bbFase 2&#8243;][vc_wp_text] FASE 2: Seguimiento a la entrega del informe a la ciudadan\u00eda &nbsp; [\/vc_wp_text][\/vc_accordion_tab][vc_accordion_tab title=\u00bbFase 3&#8243;][vc_wp_text] FASE 3: Evaluaci\u00f3n ciudadana al informe de rendici\u00f3n de cuentas &nbsp; Seguimiento al proceso de convocatoria a la deliberaci\u00f3n p\u00fablica [&hellip;]<\/p>\n","protected":false},"author":4,"featured_media":0,"parent":0,"menu_order":0,"comment_status":"closed","ping_status":"closed","template":"","meta":{"footnotes":""},"class_list":["post-837","page","type-page","status-publish","hentry"],"yoast_head":"<!-- This site is optimized with the Yoast SEO plugin v25.4 - https:\/\/yoast.com\/wordpress\/plugins\/seo\/ -->\n<title>Fases - GAD Parroquial de Chical<\/title>\n<meta name=\"robots\" content=\"index, follow, max-snippet:-1, max-image-preview:large, max-video-preview:-1\" \/>\n<link rel=\"canonical\" href=\"https:\/\/gadelchical.gob.ec\/?page_id=837\" \/>\n<meta property=\"og:locale\" content=\"es_ES\" \/>\n<meta property=\"og:type\" content=\"article\" \/>\n<meta property=\"og:title\" content=\"Fases - GAD Parroquial de Chical\" \/>\n<meta property=\"og:description\" content=\"[\/vc_wp_text][\/vc_accordion_tab][vc_accordion_tab title=\u00bbFase 1&#8243;][vc_wp_text] FASE 1: Mapeo de actores &nbsp; Consulta &nbsp; Entrega de temas al GAD &nbsp; [\/vc_wp_text][\/vc_accordion_tab][vc_accordion_tab title=\u00bbFase 2&#8243;][vc_wp_text] FASE 2: Seguimiento a la entrega del informe a la ciudadan\u00eda &nbsp; [\/vc_wp_text][\/vc_accordion_tab][vc_accordion_tab title=\u00bbFase 3&#8243;][vc_wp_text] FASE 3: Evaluaci\u00f3n ciudadana al informe de rendici\u00f3n de cuentas &nbsp; Seguimiento al proceso de convocatoria a la deliberaci\u00f3n p\u00fablica [&hellip;]\" \/>\n<meta property=\"og:url\" content=\"https:\/\/gadelchical.gob.ec\/?page_id=837\" \/>\n<meta property=\"og:site_name\" content=\"GAD Parroquial de Chical\" \/>\n<meta property=\"article:publisher\" content=\"https:\/\/www.facebook.com\/profile.php?id=100070923501255\" \/>\n<meta name=\"twitter:card\" content=\"summary_large_image\" \/>\n<meta name=\"twitter:label1\" content=\"Tiempo de lectura\" \/>\n\t<meta name=\"twitter:data1\" content=\"1 minuto\" \/>\n<script type=\"application\/ld+json\" class=\"yoast-schema-graph\">{\"@context\":\"https:\/\/schema.org\",\"@graph\":[{\"@type\":\"WebPage\",\"@id\":\"https:\/\/gadelchical.gob.ec\/?page_id=837\",\"url\":\"https:\/\/gadelchical.gob.ec\/?page_id=837\",\"name\":\"Fases - GAD Parroquial de Chical\",\"isPartOf\":{\"@id\":\"https:\/\/gadelchical.gob.ec\/#website\"},\"datePublished\":\"2018-02-05T16:59:02+00:00\",\"breadcrumb\":{\"@id\":\"https:\/\/gadelchical.gob.ec\/?page_id=837#breadcrumb\"},\"inLanguage\":\"es\",\"potentialAction\":[{\"@type\":\"ReadAction\",\"target\":[\"https:\/\/gadelchical.gob.ec\/?page_id=837\"]}]},{\"@type\":\"BreadcrumbList\",\"@id\":\"https:\/\/gadelchical.gob.ec\/?page_id=837#breadcrumb\",\"itemListElement\":[{\"@type\":\"ListItem\",\"position\":1,\"name\":\"Home\",\"item\":\"https:\/\/gadelchical.gob.ec\/\"},{\"@type\":\"ListItem\",\"position\":2,\"name\":\"Fases\"}]},{\"@type\":\"WebSite\",\"@id\":\"https:\/\/gadelchical.gob.ec\/#website\",\"url\":\"https:\/\/gadelchical.gob.ec\/\",\"name\":\"GAD Parroquial de Chical Carchi\",\"description\":\"Sitio Oficial del GAD Parroquial Chical Carchi\",\"publisher\":{\"@id\":\"https:\/\/gadelchical.gob.ec\/#organization\"},\"alternateName\":\"Chical Carchi\",\"potentialAction\":[{\"@type\":\"SearchAction\",\"target\":{\"@type\":\"EntryPoint\",\"urlTemplate\":\"https:\/\/gadelchical.gob.ec\/?s={search_term_string}\"},\"query-input\":{\"@type\":\"PropertyValueSpecification\",\"valueRequired\":true,\"valueName\":\"search_term_string\"}}],\"inLanguage\":\"es\"},{\"@type\":\"Organization\",\"@id\":\"https:\/\/gadelchical.gob.ec\/#organization\",\"name\":\"GAD Parroquial de Chical Carchi\",\"url\":\"https:\/\/gadelchical.gob.ec\/\",\"logo\":{\"@type\":\"ImageObject\",\"inLanguage\":\"es\",\"@id\":\"https:\/\/gadelchical.gob.ec\/#\/schema\/logo\/image\/\",\"url\":\"https:\/\/chical.gob.ec\/carchi\/wp-content\/uploads\/2020\/06\/logoFooter.png\",\"contentUrl\":\"https:\/\/chical.gob.ec\/carchi\/wp-content\/uploads\/2020\/06\/logoFooter.png\",\"width\":200,\"height\":150,\"caption\":\"GAD Parroquial de Chical Carchi\"},\"image\":{\"@id\":\"https:\/\/gadelchical.gob.ec\/#\/schema\/logo\/image\/\"},\"sameAs\":[\"https:\/\/www.facebook.com\/profile.php?id=100070923501255\"]}]}<\/script>\n<!-- \/ Yoast SEO plugin. -->","yoast_head_json":{"title":"Fases - GAD Parroquial de Chical","robots":{"index":"index","follow":"follow","max-snippet":"max-snippet:-1","max-image-preview":"max-image-preview:large","max-video-preview":"max-video-preview:-1"},"canonical":"https:\/\/gadelchical.gob.ec\/?page_id=837","og_locale":"es_ES","og_type":"article","og_title":"Fases - GAD Parroquial de Chical","og_description":"[\/vc_wp_text][\/vc_accordion_tab][vc_accordion_tab title=\u00bbFase 1&#8243;][vc_wp_text] FASE 1: Mapeo de actores &nbsp; Consulta &nbsp; Entrega de temas al GAD &nbsp; [\/vc_wp_text][\/vc_accordion_tab][vc_accordion_tab title=\u00bbFase 2&#8243;][vc_wp_text] FASE 2: Seguimiento a la entrega del informe a la ciudadan\u00eda &nbsp; [\/vc_wp_text][\/vc_accordion_tab][vc_accordion_tab title=\u00bbFase 3&#8243;][vc_wp_text] FASE 3: Evaluaci\u00f3n ciudadana al informe de rendici\u00f3n de cuentas &nbsp; Seguimiento al proceso de convocatoria a la deliberaci\u00f3n p\u00fablica [&hellip;]","og_url":"https:\/\/gadelchical.gob.ec\/?page_id=837","og_site_name":"GAD Parroquial de Chical","article_publisher":"https:\/\/www.facebook.com\/profile.php?id=100070923501255","twitter_card":"summary_large_image","twitter_misc":{"Tiempo de lectura":"1 minuto"},"schema":{"@context":"https:\/\/schema.org","@graph":[{"@type":"WebPage","@id":"https:\/\/gadelchical.gob.ec\/?page_id=837","url":"https:\/\/gadelchical.gob.ec\/?page_id=837","name":"Fases - GAD Parroquial de Chical","isPartOf":{"@id":"https:\/\/gadelchical.gob.ec\/#website"},"datePublished":"2018-02-05T16:59:02+00:00","breadcrumb":{"@id":"https:\/\/gadelchical.gob.ec\/?page_id=837#breadcrumb"},"inLanguage":"es","potentialAction":[{"@type":"ReadAction","target":["https:\/\/gadelchical.gob.ec\/?page_id=837"]}]},{"@type":"BreadcrumbList","@id":"https:\/\/gadelchical.gob.ec\/?page_id=837#breadcrumb","itemListElement":[{"@type":"ListItem","position":1,"name":"Home","item":"https:\/\/gadelchical.gob.ec\/"},{"@type":"ListItem","position":2,"name":"Fases"}]},{"@type":"WebSite","@id":"https:\/\/gadelchical.gob.ec\/#website","url":"https:\/\/gadelchical.gob.ec\/","name":"GAD Parroquial de Chical Carchi","description":"Sitio Oficial del GAD Parroquial Chical Carchi","publisher":{"@id":"https:\/\/gadelchical.gob.ec\/#organization"},"alternateName":"Chical Carchi","potentialAction":[{"@type":"SearchAction","target":{"@type":"EntryPoint","urlTemplate":"https:\/\/gadelchical.gob.ec\/?s={search_term_string}"},"query-input":{"@type":"PropertyValueSpecification","valueRequired":true,"valueName":"search_term_string"}}],"inLanguage":"es"},{"@type":"Organization","@id":"https:\/\/gadelchical.gob.ec\/#organization","name":"GAD Parroquial de Chical Carchi","url":"https:\/\/gadelchical.gob.ec\/","logo":{"@type":"ImageObject","inLanguage":"es","@id":"https:\/\/gadelchical.gob.ec\/#\/schema\/logo\/image\/","url":"https:\/\/chical.gob.ec\/carchi\/wp-content\/uploads\/2020\/06\/logoFooter.png","contentUrl":"https:\/\/chical.gob.ec\/carchi\/wp-content\/uploads\/2020\/06\/logoFooter.png","width":200,"height":150,"caption":"GAD Parroquial de Chical Carchi"},"image":{"@id":"https:\/\/gadelchical.gob.ec\/#\/schema\/logo\/image\/"},"sameAs":["https:\/\/www.facebook.com\/profile.php?id=100070923501255"]}]}},"_links":{"self":[{"href":"https:\/\/gadelchical.gob.ec\/index.php?rest_route=\/wp\/v2\/pages\/837","targetHints":{"allow":["GET"]}}],"collection":[{"href":"https:\/\/gadelchical.gob.ec\/index.php?rest_route=\/wp\/v2\/pages"}],"about":[{"href":"https:\/\/gadelchical.gob.ec\/index.php?rest_route=\/wp\/v2\/types\/page"}],"author":[{"embeddable":true,"href":"https:\/\/gadelchical.gob.ec\/index.php?rest_route=\/wp\/v2\/users\/4"}],"replies":[{"embeddable":true,"href":"https:\/\/gadelchical.gob.ec\/index.php?rest_route=%2Fwp%2Fv2%2Fcomments&post=837"}],"version-history":[{"count":1,"href":"https:\/\/gadelchical.gob.ec\/index.php?rest_route=\/wp\/v2\/pages\/837\/revisions"}],"predecessor-version":[{"id":838,"href":"https:\/\/gadelchical.gob.ec\/index.php?rest_route=\/wp\/v2\/pages\/837\/revisions\/838"}],"wp:attachment":[{"href":"https:\/\/gadelchical.gob.ec\/index.php?rest_route=%2Fwp%2Fv2%2Fmedia&parent=837"}],"curies":[{"name":"wp","href":"https:\/\/api.w.org\/{rel}","templated":true}]}}